{"id":221,"date":"2026-04-03T22:59:42","date_gmt":"2026-04-03T19:59:42","guid":{"rendered":"https:\/\/www.cihangiruygun.com\/yeni\/?page_id=221"},"modified":"2026-04-03T22:59:42","modified_gmt":"2026-04-03T19:59:42","slug":"siirlerim","status":"publish","type":"page","link":"https:\/\/www.cihangiruygun.com\/yeni\/siirlerim\/","title":{"rendered":"\u015e\u0130\u0130RLER\u0130M"},"content":{"rendered":"<ul class=\"wp-block-latest-posts__list is-grid columns-3 wp-block-latest-posts\"><li><a class=\"wp-block-latest-posts__post-title\" href=\"https:\/\/www.cihangiruygun.com\/yeni\/2026\/04\/03\/isigim\/\">I\u015eI\u011eIM<\/a><\/li>\n<li><a class=\"wp-block-latest-posts__post-title\" href=\"https:\/\/www.cihangiruygun.com\/yeni\/2026\/04\/03\/hazana-biraktin\/\">HAZANA BIRAKTIN<\/a><\/li>\n<li><a class=\"wp-block-latest-posts__post-title\" href=\"https:\/\/www.cihangiruygun.com\/yeni\/2026\/04\/03\/gule-hasret-birakma\/\">G\u00dcLE HASRET BIRAKMA<\/a><\/li>\n<li><a class=\"wp-block-latest-posts__post-title\" href=\"https:\/\/www.cihangiruygun.com\/yeni\/2026\/04\/03\/elde-var-bir\/\">ELDE VAR B\u0130R<\/a><\/li>\n<li><a class=\"wp-block-latest-posts__post-title\" href=\"https:\/\/www.cihangiruygun.com\/yeni\/2026\/04\/03\/kendine-sor\/\">KEND\u0130NE SOR<\/a><\/li>\n<li><a class=\"wp-block-latest-posts__post-title\" href=\"https:\/\/www.cihangiruygun.com\/yeni\/2026\/04\/03\/dosta-selam\/\">DOSTA SELAM<\/a><\/li>\n<li><a class=\"wp-block-latest-posts__post-title\" href=\"https:\/\/www.cihangiruygun.com\/yeni\/2026\/04\/03\/bulan-var-mi-haber-versin\/\">BULAN VAR MI HABER VERS\u0130N<\/a><\/li>\n<li><a class=\"wp-block-latest-posts__post-title\" href=\"https:\/\/www.cihangiruygun.com\/yeni\/2026\/04\/03\/hala-bitmedi-mi\/\">H\u00c2L\u00c2 B\u0130TMED\u0130 M\u0130<\/a><\/li>\n<li><a class=\"wp-block-latest-posts__post-title\" href=\"https:\/\/www.cihangiruygun.com\/yeni\/2026\/04\/03\/biliyorum-varsin\/\">B\u0130L\u0130YORUM VARSIN<\/a><\/li>\n<li><a class=\"wp-block-latest-posts__post-title\" href=\"https:\/\/www.cihangiruygun.com\/yeni\/2026\/04\/03\/tatli-dunyam\/\">TATLI D\u00dcNYAM<\/a><\/li>\n<li><a class=\"wp-block-latest-posts__post-title\" href=\"https:\/\/www.cihangiruygun.com\/yeni\/2026\/04\/03\/anla-halimi\/\">ANLA HAL\u0130M\u0130<\/a><\/li>\n<\/ul>\n\n\n<p><\/p>\n","protected":false},"excerpt":{"rendered":"","protected":false},"author":1,"featured_media":0,"parent":0,"menu_order":0,"comment_status":"closed","ping_status":"closed","template":"","meta":{"footnotes":""},"class_list":["post-221","page","type-page","status-publish","hentry"],"yoast_head":"<!-- This site is optimized with the Yoast SEO plugin v27.4 - https:\/\/yoast.com\/product\/yoast-seo-wordpress\/ -->\n<title>\u015e\u0130\u0130RLER\u0130M - Dr. Cihangir UYGUN - S\u0131n\u0131f \u00d6\u011fretmeni<\/title>\n<meta name=\"robots\" content=\"index, follow, max-snippet:-1, max-image-preview:large, max-video-preview:-1\" \/>\n<link rel=\"canonical\" href=\"https:\/\/www.cihangiruygun.com\/yeni\/siirlerim\/\" \/>\n<meta property=\"og:locale\" content=\"tr_TR\" \/>\n<meta property=\"og:type\" content=\"article\" \/>\n<meta property=\"og:title\" content=\"\u015e\u0130\u0130RLER\u0130M - Dr. Cihangir UYGUN - S\u0131n\u0131f \u00d6\u011fretmeni\" \/>\n<meta property=\"og:url\" content=\"https:\/\/www.cihangiruygun.com\/yeni\/siirlerim\/\" \/>\n<meta property=\"og:site_name\" content=\"Dr. Cihangir UYGUN - S\u0131n\u0131f \u00d6\u011fretmeni\" \/>\n<meta name=\"twitter:card\" content=\"summary_large_image\" \/>\n<script type=\"application\/ld+json\" class=\"yoast-schema-graph\">{\"@context\":\"https:\\\/\\\/schema.org\",\"@graph\":[{\"@type\":\"WebPage\",\"@id\":\"https:\\\/\\\/www.cihangiruygun.com\\\/yeni\\\/siirlerim\\\/\",\"url\":\"https:\\\/\\\/www.cihangiruygun.com\\\/yeni\\\/siirlerim\\\/\",\"name\":\"\u015e\u0130\u0130RLER\u0130M - Dr. Cihangir UYGUN - S\u0131n\u0131f \u00d6\u011fretmeni\",\"isPartOf\":{\"@id\":\"https:\\\/\\\/www.cihangiruygun.com\\\/yeni\\\/#website\"},\"datePublished\":\"2026-04-03T19:59:42+00:00\",\"breadcrumb\":{\"@id\":\"https:\\\/\\\/www.cihangiruygun.com\\\/yeni\\\/siirlerim\\\/#breadcrumb\"},\"inLanguage\":\"tr\",\"potentialAction\":[{\"@type\":\"ReadAction\",\"target\":[\"https:\\\/\\\/www.cihangiruygun.com\\\/yeni\\\/siirlerim\\\/\"]}]},{\"@type\":\"BreadcrumbList\",\"@id\":\"https:\\\/\\\/www.cihangiruygun.com\\\/yeni\\\/siirlerim\\\/#breadcrumb\",\"itemListElement\":[{\"@type\":\"ListItem\",\"position\":1,\"name\":\"Anasayfa\",\"item\":\"https:\\\/\\\/www.cihangiruygun.com\\\/yeni\\\/\"},{\"@type\":\"ListItem\",\"position\":2,\"name\":\"\u015e\u0130\u0130RLER\u0130M\"}]},{\"@type\":\"WebSite\",\"@id\":\"https:\\\/\\\/www.cihangiruygun.com\\\/yeni\\\/#website\",\"url\":\"https:\\\/\\\/www.cihangiruygun.com\\\/yeni\\\/\",\"name\":\"Dr. Cihangir UYGUN - S\u0131n\u0131f \u00d6\u011fretmeni\",\"description\":\"E\u011fitim, do\u011fa, kitap, etkinlik, oyun, \u00e7ocuk...\",\"publisher\":{\"@id\":\"https:\\\/\\\/www.cihangiruygun.com\\\/yeni\\\/#organization\"},\"potentialAction\":[{\"@type\":\"SearchAction\",\"target\":{\"@type\":\"EntryPoint\",\"urlTemplate\":\"https:\\\/\\\/www.cihangiruygun.com\\\/yeni\\\/?s={search_term_string}\"},\"query-input\":{\"@type\":\"PropertyValueSpecification\",\"valueRequired\":true,\"valueName\":\"search_term_string\"}}],\"inLanguage\":\"tr\"},{\"@type\":\"Organization\",\"@id\":\"https:\\\/\\\/www.cihangiruygun.com\\\/yeni\\\/#organization\",\"name\":\"Dr. Cihangir UYGUN - S\u0131n\u0131f \u00d6\u011fretmeni\",\"url\":\"https:\\\/\\\/www.cihangiruygun.com\\\/yeni\\\/\",\"logo\":{\"@type\":\"ImageObject\",\"inLanguage\":\"tr\",\"@id\":\"https:\\\/\\\/www.cihangiruygun.com\\\/yeni\\\/#\\\/schema\\\/logo\\\/image\\\/\",\"url\":\"https:\\\/\\\/www.cihangiruygun.com\\\/yeni\\\/wp-content\\\/uploads\\\/2025\\\/10\\\/cropped-Logo_yeni_png-scaled-1.png\",\"contentUrl\":\"https:\\\/\\\/www.cihangiruygun.com\\\/yeni\\\/wp-content\\\/uploads\\\/2025\\\/10\\\/cropped-Logo_yeni_png-scaled-1.png\",\"width\":512,\"height\":512,\"caption\":\"Dr. Cihangir UYGUN - S\u0131n\u0131f \u00d6\u011fretmeni\"},\"image\":{\"@id\":\"https:\\\/\\\/www.cihangiruygun.com\\\/yeni\\\/#\\\/schema\\\/logo\\\/image\\\/\"}}]}<\/script>\n<!-- \/ Yoast SEO plugin. -->","yoast_head_json":{"title":"\u015e\u0130\u0130RLER\u0130M - Dr. Cihangir UYGUN - S\u0131n\u0131f \u00d6\u011fretmeni","robots":{"index":"index","follow":"follow","max-snippet":"max-snippet:-1","max-image-preview":"max-image-preview:large","max-video-preview":"max-video-preview:-1"},"canonical":"https:\/\/www.cihangiruygun.com\/yeni\/siirlerim\/","og_locale":"tr_TR","og_type":"article","og_title":"\u015e\u0130\u0130RLER\u0130M - Dr. Cihangir UYGUN - S\u0131n\u0131f \u00d6\u011fretmeni","og_url":"https:\/\/www.cihangiruygun.com\/yeni\/siirlerim\/","og_site_name":"Dr. Cihangir UYGUN - S\u0131n\u0131f \u00d6\u011fretmeni","twitter_card":"summary_large_image","schema":{"@context":"https:\/\/schema.org","@graph":[{"@type":"WebPage","@id":"https:\/\/www.cihangiruygun.com\/yeni\/siirlerim\/","url":"https:\/\/www.cihangiruygun.com\/yeni\/siirlerim\/","name":"\u015e\u0130\u0130RLER\u0130M - Dr. Cihangir UYGUN - S\u0131n\u0131f \u00d6\u011fretmeni","isPartOf":{"@id":"https:\/\/www.cihangiruygun.com\/yeni\/#website"},"datePublished":"2026-04-03T19:59:42+00:00","breadcrumb":{"@id":"https:\/\/www.cihangiruygun.com\/yeni\/siirlerim\/#breadcrumb"},"inLanguage":"tr","potentialAction":[{"@type":"ReadAction","target":["https:\/\/www.cihangiruygun.com\/yeni\/siirlerim\/"]}]},{"@type":"BreadcrumbList","@id":"https:\/\/www.cihangiruygun.com\/yeni\/siirlerim\/#breadcrumb","itemListElement":[{"@type":"ListItem","position":1,"name":"Anasayfa","item":"https:\/\/www.cihangiruygun.com\/yeni\/"},{"@type":"ListItem","position":2,"name":"\u015e\u0130\u0130RLER\u0130M"}]},{"@type":"WebSite","@id":"https:\/\/www.cihangiruygun.com\/yeni\/#website","url":"https:\/\/www.cihangiruygun.com\/yeni\/","name":"Dr. Cihangir UYGUN - S\u0131n\u0131f \u00d6\u011fretmeni","description":"E\u011fitim, do\u011fa, kitap, etkinlik, oyun, \u00e7ocuk...","publisher":{"@id":"https:\/\/www.cihangiruygun.com\/yeni\/#organization"},"potentialAction":[{"@type":"SearchAction","target":{"@type":"EntryPoint","urlTemplate":"https:\/\/www.cihangiruygun.com\/yeni\/?s={search_term_string}"},"query-input":{"@type":"PropertyValueSpecification","valueRequired":true,"valueName":"search_term_string"}}],"inLanguage":"tr"},{"@type":"Organization","@id":"https:\/\/www.cihangiruygun.com\/yeni\/#organization","name":"Dr. Cihangir UYGUN - S\u0131n\u0131f \u00d6\u011fretmeni","url":"https:\/\/www.cihangiruygun.com\/yeni\/","logo":{"@type":"ImageObject","inLanguage":"tr","@id":"https:\/\/www.cihangiruygun.com\/yeni\/#\/schema\/logo\/image\/","url":"https:\/\/www.cihangiruygun.com\/yeni\/wp-content\/uploads\/2025\/10\/cropped-Logo_yeni_png-scaled-1.png","contentUrl":"https:\/\/www.cihangiruygun.com\/yeni\/wp-content\/uploads\/2025\/10\/cropped-Logo_yeni_png-scaled-1.png","width":512,"height":512,"caption":"Dr. Cihangir UYGUN - S\u0131n\u0131f \u00d6\u011fretmeni"},"image":{"@id":"https:\/\/www.cihangiruygun.com\/yeni\/#\/schema\/logo\/image\/"}}]}},"_links":{"self":[{"href":"https:\/\/www.cihangiruygun.com\/yeni\/wp-json\/wp\/v2\/pages\/221","targetHints":{"allow":["GET"]}}],"collection":[{"href":"https:\/\/www.cihangiruygun.com\/yeni\/wp-json\/wp\/v2\/pages"}],"about":[{"href":"https:\/\/www.cihangiruygun.com\/yeni\/wp-json\/wp\/v2\/types\/page"}],"author":[{"embeddable":true,"href":"https:\/\/www.cihangiruygun.com\/yeni\/wp-json\/wp\/v2\/users\/1"}],"replies":[{"embeddable":true,"href":"https:\/\/www.cihangiruygun.com\/yeni\/wp-json\/wp\/v2\/comments?post=221"}],"version-history":[{"count":1,"href":"https:\/\/www.cihangiruygun.com\/yeni\/wp-json\/wp\/v2\/pages\/221\/revisions"}],"predecessor-version":[{"id":222,"href":"https:\/\/www.cihangiruygun.com\/yeni\/wp-json\/wp\/v2\/pages\/221\/revisions\/222"}],"wp:attachment":[{"href":"https:\/\/www.cihangiruygun.com\/yeni\/wp-json\/wp\/v2\/media?parent=221"}],"curies":[{"name":"wp","href":"https:\/\/api.w.org\/{rel}","templated":true}]}}